{"id":21,"date":"2022-02-02T11:03:46","date_gmt":"2022-02-02T11:03:46","guid":{"rendered":"https:\/\/manyberry.com\/?page_id=21"},"modified":"2024-01-10T13:20:33","modified_gmt":"2024-01-10T13:20:33","slug":"about-us","status":"publish","type":"page","link":"https:\/\/manyberry.com\/es\/about-us\/","title":{"rendered":"Sobre Nosotros"},"content":{"rendered":"<h2 id=\"tw-target-text\" class=\"tw-data-text tw-text-large tw-ta\" dir=\"ltr\" style=\"text-align: center;\" data-placeholder=\"Translation\" data-ved=\"2ahUKEwj7q47t2dKDAxVo3TgGHf1yAnoQ3ewLegQIBRAQ\"><span id=\"many-berry-tu-hogar-tu-eleccion-tu-idea-de-estilo-de-vida\"><span class=\"Y2IQFc\" lang=\"es\">Many Berry: tu hogar, tu elecci\u00f3n, tu idea de estilo de vida<\/span><\/span><\/h2>\n<p><a href=\"https:\/\/manyberry.com\/\"><img loading=\"lazy\" decoding=\"async\" class=\"alignleft wp-image-660\" title=\"Many Berry - Your Home, Your Choice, Your Lifestyle Idea\" src=\"https:\/\/manyberry.com\/wp-content\/uploads\/2023\/12\/MANYBERRY-LOGO-512x512-1.png\" alt=\"Many Berry - Your Home, Your Choice, Your Lifestyle Idea\" width=\"90\" height=\"90\" \/><\/a><\/p>\n<p id=\"tw-target-text\" class=\"tw-data-text tw-text-large tw-ta\" dir=\"ltr\" data-placeholder=\"Translation\" data-ved=\"2ahUKEwj7q47t2dKDAxVo3TgGHf1yAnoQ3ewLegQIBRAQ\"><span class=\"Y2IQFc\" lang=\"es\">Many Berry es su destino en l\u00ednea para ideas y dise\u00f1os pr\u00e1cticos y creativos para mejorar el hogar. Ya sea que desee renovar su dormitorio, cocina o jard\u00edn o conocer las \u00faltimas tendencias en decoraci\u00f3n, mobiliario y accesorios, lo tenemos cubierto. Tambi\u00e9n proporcionamos gu\u00edas pr\u00e1cticas y consejos sencillos y f\u00e1ciles de seguir para ayudarle a transformar su hogar a su propio ritmo. Remodelar y mejorar su hogar puede ser divertido y gratificante.<\/span><\/p>\n<p id=\"tw-target-text\" class=\"tw-data-text tw-text-large tw-ta\" dir=\"ltr\" data-placeholder=\"Translation\" data-ved=\"2ahUKEwj7q47t2dKDAxVo3TgGHf1yAnoQ3ewLegQIBRAQ\"><span class=\"Y2IQFc\" lang=\"es\">En <a href=\"https:\/\/manyberry.com\/es\/\" target=\"_blank\" rel=\"noopener\"><strong>ManyBerry.com<\/strong><\/a>, nuestro objetivo es inspirar y empoderar a las personas que aman sus hogares y quieren mejorarlos a\u00fan m\u00e1s. Mostramos algunas de las ideas y dise\u00f1os m\u00e1s innovadores y hermosos para interiores de hogares, dormitorios, cocinas y jardines, as\u00ed como las mejores tendencias de decoraci\u00f3n, muebles, electrodom\u00e9sticos y gadgets, y m\u00e1s. Tambi\u00e9n ofrecemos consejos y recomendaciones de expertos para ayudarle a aprovechar al m\u00e1ximo sus proyectos de mejoras para el hogar. \u00danase a nosotros y descubra c\u00f3mo puede crear la casa de sus sue\u00f1os con Many Berry. <\/span><\/p>\n<p class=\"tw-data-text tw-text-large tw-ta\" dir=\"ltr\" data-placeholder=\"Translation\" data-ved=\"2ahUKEwj7q47t2dKDAxVo3TgGHf1yAnoQ3ewLegQIBRAQ\"><span class=\"Y2IQFc\" lang=\"es\">Many Berry es m\u00e1s que un simple sitio web. Es una comunidad de entusiastas del hogar que comparten la pasi\u00f3n por mejorar sus espacios habitables. Ya sea principiante o profesional, puede encontrar inspiraci\u00f3n, consejos y apoyo de nuestro amable y servicial equipo y de nuestros compa\u00f1eros. Tambi\u00e9n puede compartir con nosotros sus propias historias, fotograf\u00edas y videos sobre mejoras en el hogar y recibir comentarios y sugerencias de otros. Nos encantar\u00eda saber de usted y ver sus incre\u00edbles creaciones. Juntos podemos hacer que nuestros hogares sean m\u00e1s hermosos, c\u00f3modos y agradables con Many Berry.<\/span><\/p>\n<p>&nbsp;<\/p>\n<p>&nbsp;<\/p>\n","protected":false},"excerpt":{"rendered":"<p>Many Berry: tu hogar, tu elecci\u00f3n, tu idea de estilo de vida Many Berry es su destino en l\u00ednea para ideas y dise\u00f1os pr\u00e1cticos y creativos para mejorar el hogar.&hellip;<\/p>\n","protected":false},"author":1,"featured_media":0,"parent":0,"menu_order":0,"comment_status":"closed","ping_status":"closed","template":"","meta":{"footnotes":""},"class_list":["post-21","page","type-page","status-publish"],"_links":{"self":[{"href":"https:\/\/manyberry.com\/es\/wp-json\/wp\/v2\/pages\/21","targetHints":{"allow":["GET"]}}],"collection":[{"href":"https:\/\/manyberry.com\/es\/wp-json\/wp\/v2\/pages"}],"about":[{"href":"https:\/\/manyberry.com\/es\/wp-json\/wp\/v2\/types\/page"}],"author":[{"embeddable":true,"href":"https:\/\/manyberry.com\/es\/wp-json\/wp\/v2\/users\/1"}],"replies":[{"embeddable":true,"href":"https:\/\/manyberry.com\/es\/wp-json\/wp\/v2\/comments?post=21"}],"version-history":[{"count":5,"href":"https:\/\/manyberry.com\/es\/wp-json\/wp\/v2\/pages\/21\/revisions"}],"predecessor-version":[{"id":527,"href":"https:\/\/manyberry.com\/es\/wp-json\/wp\/v2\/pages\/21\/revisions\/527"}],"wp:attachment":[{"href":"https:\/\/manyberry.com\/es\/wp-json\/wp\/v2\/media?parent=21"}],"curies":[{"name":"wp","href":"https:\/\/api.w.org\/{rel}","templated":true}]}}